{"id":8207,"date":"2022-12-05T19:54:16","date_gmt":"2022-12-05T18:54:16","guid":{"rendered":"https:\/\/www.framemedia.pl\/strona-glowna-polski\/"},"modified":"2022-12-05T19:54:16","modified_gmt":"2022-12-05T18:54:16","slug":"strona-glowna-polski","status":"publish","type":"page","link":"https:\/\/framemedia.pl\/en\/strona-glowna-polski\/","title":{"rendered":"Strona g\u0142\u00f3wna &#8211; Polski"},"content":{"rendered":"","protected":false},"excerpt":{"rendered":"","protected":false},"author":1,"featured_media":0,"parent":0,"menu_order":0,"comment_status":"closed","ping_status":"closed","template":"","meta":{"_acf_changed":false,"_vp_format_video_url":"","_vp_image_focal_point":[],"footnotes":""},"class_list":["post-8207","page","type-page","status-publish","hentry"],"acf":[],"yoast_head":"<!-- This site is optimized with the Yoast SEO plugin v23.5 - https:\/\/yoast.com\/wordpress\/plugins\/seo\/ -->\n<title>Strona g\u0142\u00f3wna - Polski - Frame Media - Grzegorz Ho\u0142owi\u0144ski<\/title>\n<meta name=\"robots\" content=\"index, follow, max-snippet:-1, max-image-preview:large, max-video-preview:-1\" \/>\n<link rel=\"canonical\" href=\"https:\/\/framemedia.pl\/en\/strona-glowna-polski\/\" \/>\n<meta property=\"og:locale\" content=\"en_GB\" \/>\n<meta property=\"og:type\" content=\"article\" \/>\n<meta property=\"og:title\" content=\"Strona g\u0142\u00f3wna - Polski - Frame Media - Grzegorz Ho\u0142owi\u0144ski\" \/>\n<meta property=\"og:url\" content=\"https:\/\/framemedia.pl\/en\/strona-glowna-polski\/\" \/>\n<meta property=\"og:site_name\" content=\"Frame Media - Grzegorz Ho\u0142owi\u0144ski\" \/>\n<meta property=\"article:publisher\" content=\"https:\/\/www.facebook.com\/FrameMediaVideo\" \/>\n<meta name=\"twitter:card\" content=\"summary_large_image\" \/>\n<script type=\"application\/ld+json\" class=\"yoast-schema-graph\">{\"@context\":\"https:\/\/schema.org\",\"@graph\":[{\"@type\":\"WebPage\",\"@id\":\"https:\/\/framemedia.pl\/strona-glowna-polski\/\",\"url\":\"https:\/\/framemedia.pl\/strona-glowna-polski\/\",\"name\":\"Strona g\u0142\u00f3wna - Polski - Frame Media - Grzegorz Ho\u0142owi\u0144ski\",\"isPartOf\":{\"@id\":\"https:\/\/framemedia.pl\/#website\"},\"datePublished\":\"2022-12-05T18:54:16+00:00\",\"dateModified\":\"2022-12-05T18:54:16+00:00\",\"breadcrumb\":{\"@id\":\"https:\/\/framemedia.pl\/strona-glowna-polski\/#breadcrumb\"},\"inLanguage\":\"en-GB\",\"potentialAction\":[{\"@type\":\"ReadAction\",\"target\":[\"https:\/\/framemedia.pl\/strona-glowna-polski\/\"]}]},{\"@type\":\"BreadcrumbList\",\"@id\":\"https:\/\/framemedia.pl\/strona-glowna-polski\/#breadcrumb\",\"itemListElement\":[{\"@type\":\"ListItem\",\"position\":1,\"name\":\"Strona g\u0142\u00f3wna\",\"item\":\"https:\/\/framemedia.pl\/\"},{\"@type\":\"ListItem\",\"position\":2,\"name\":\"Strona g\u0142\u00f3wna &#8211; Polski\"}]},{\"@type\":\"WebSite\",\"@id\":\"https:\/\/framemedia.pl\/#website\",\"url\":\"https:\/\/framemedia.pl\/\",\"name\":\"Frame Media - film i fotografia\",\"description\":\"Studio wizualne specjalizuj\u0105ce si\u0119 w realizacjach filmowych i fotograficznych\",\"publisher\":{\"@id\":\"https:\/\/framemedia.pl\/#organization\"},\"potentialAction\":[{\"@type\":\"SearchAction\",\"target\":{\"@type\":\"EntryPoint\",\"urlTemplate\":\"https:\/\/framemedia.pl\/?s={search_term_string}\"},\"query-input\":{\"@type\":\"PropertyValueSpecification\",\"valueRequired\":true,\"valueName\":\"search_term_string\"}}],\"inLanguage\":\"en-GB\"},{\"@type\":\"Organization\",\"@id\":\"https:\/\/framemedia.pl\/#organization\",\"name\":\"Frame Media - film i fotografia\",\"url\":\"https:\/\/framemedia.pl\/\",\"logo\":{\"@type\":\"ImageObject\",\"inLanguage\":\"en-GB\",\"@id\":\"https:\/\/framemedia.pl\/#\/schema\/logo\/image\/\",\"url\":\"https:\/\/www.framemedia.pl\/wp-content\/uploads\/2023\/02\/fm_logo_black.jpg\",\"contentUrl\":\"https:\/\/www.framemedia.pl\/wp-content\/uploads\/2023\/02\/fm_logo_black.jpg\",\"width\":1000,\"height\":245,\"caption\":\"Frame Media - film i fotografia\"},\"image\":{\"@id\":\"https:\/\/framemedia.pl\/#\/schema\/logo\/image\/\"},\"sameAs\":[\"https:\/\/www.facebook.com\/FrameMediaVideo\",\"https:\/\/www.youtube.com\/@framemedia-grzesiekhoowins8799\"]}]}<\/script>\n<!-- \/ Yoast SEO plugin. -->","yoast_head_json":{"title":"Strona g\u0142\u00f3wna - Polski - Frame Media - Grzegorz Ho\u0142owi\u0144ski","robots":{"index":"index","follow":"follow","max-snippet":"max-snippet:-1","max-image-preview":"max-image-preview:large","max-video-preview":"max-video-preview:-1"},"canonical":"https:\/\/framemedia.pl\/en\/strona-glowna-polski\/","og_locale":"en_GB","og_type":"article","og_title":"Strona g\u0142\u00f3wna - Polski - Frame Media - Grzegorz Ho\u0142owi\u0144ski","og_url":"https:\/\/framemedia.pl\/en\/strona-glowna-polski\/","og_site_name":"Frame Media - Grzegorz Ho\u0142owi\u0144ski","article_publisher":"https:\/\/www.facebook.com\/FrameMediaVideo","twitter_card":"summary_large_image","schema":{"@context":"https:\/\/schema.org","@graph":[{"@type":"WebPage","@id":"https:\/\/framemedia.pl\/strona-glowna-polski\/","url":"https:\/\/framemedia.pl\/strona-glowna-polski\/","name":"Strona g\u0142\u00f3wna - Polski - Frame Media - Grzegorz Ho\u0142owi\u0144ski","isPartOf":{"@id":"https:\/\/framemedia.pl\/#website"},"datePublished":"2022-12-05T18:54:16+00:00","dateModified":"2022-12-05T18:54:16+00:00","breadcrumb":{"@id":"https:\/\/framemedia.pl\/strona-glowna-polski\/#breadcrumb"},"inLanguage":"en-GB","potentialAction":[{"@type":"ReadAction","target":["https:\/\/framemedia.pl\/strona-glowna-polski\/"]}]},{"@type":"BreadcrumbList","@id":"https:\/\/framemedia.pl\/strona-glowna-polski\/#breadcrumb","itemListElement":[{"@type":"ListItem","position":1,"name":"Strona g\u0142\u00f3wna","item":"https:\/\/framemedia.pl\/"},{"@type":"ListItem","position":2,"name":"Strona g\u0142\u00f3wna &#8211; Polski"}]},{"@type":"WebSite","@id":"https:\/\/framemedia.pl\/#website","url":"https:\/\/framemedia.pl\/","name":"Frame Media - film i fotografia","description":"Studio wizualne specjalizuj\u0105ce si\u0119 w realizacjach filmowych i fotograficznych","publisher":{"@id":"https:\/\/framemedia.pl\/#organization"},"potentialAction":[{"@type":"SearchAction","target":{"@type":"EntryPoint","urlTemplate":"https:\/\/framemedia.pl\/?s={search_term_string}"},"query-input":{"@type":"PropertyValueSpecification","valueRequired":true,"valueName":"search_term_string"}}],"inLanguage":"en-GB"},{"@type":"Organization","@id":"https:\/\/framemedia.pl\/#organization","name":"Frame Media - film i fotografia","url":"https:\/\/framemedia.pl\/","logo":{"@type":"ImageObject","inLanguage":"en-GB","@id":"https:\/\/framemedia.pl\/#\/schema\/logo\/image\/","url":"https:\/\/www.framemedia.pl\/wp-content\/uploads\/2023\/02\/fm_logo_black.jpg","contentUrl":"https:\/\/www.framemedia.pl\/wp-content\/uploads\/2023\/02\/fm_logo_black.jpg","width":1000,"height":245,"caption":"Frame Media - film i fotografia"},"image":{"@id":"https:\/\/framemedia.pl\/#\/schema\/logo\/image\/"},"sameAs":["https:\/\/www.facebook.com\/FrameMediaVideo","https:\/\/www.youtube.com\/@framemedia-grzesiekhoowins8799"]}]}},"_links":{"self":[{"href":"https:\/\/framemedia.pl\/en\/wp-json\/wp\/v2\/pages\/8207","targetHints":{"allow":["GET"]}}],"collection":[{"href":"https:\/\/framemedia.pl\/en\/wp-json\/wp\/v2\/pages"}],"about":[{"href":"https:\/\/framemedia.pl\/en\/wp-json\/wp\/v2\/types\/page"}],"author":[{"embeddable":true,"href":"https:\/\/framemedia.pl\/en\/wp-json\/wp\/v2\/users\/1"}],"replies":[{"embeddable":true,"href":"https:\/\/framemedia.pl\/en\/wp-json\/wp\/v2\/comments?post=8207"}],"version-history":[{"count":0,"href":"https:\/\/framemedia.pl\/en\/wp-json\/wp\/v2\/pages\/8207\/revisions"}],"wp:attachment":[{"href":"https:\/\/framemedia.pl\/en\/wp-json\/wp\/v2\/media?parent=8207"}],"curies":[{"name":"wp","href":"https:\/\/api.w.org\/{rel}","templated":true}]}}